{"id":2574,"date":"2025-08-26T09:53:27","date_gmt":"2025-08-26T06:53:27","guid":{"rendered":"https:\/\/valordanto.dev2.sdhost.eu\/toidukeemia-lisaained\/"},"modified":"2026-02-12T13:20:25","modified_gmt":"2026-02-12T11:20:25","slug":"toidukeemia-lisaained","status":"publish","type":"page","link":"https:\/\/valordanto.ee\/ru\/toidukeemia-lisaained\/","title":{"rendered":"\u041f\u0438\u0449\u0435\u0432\u044b\u0435 \u0434\u043e\u0431\u0430\u0432\u043a\u0438"},"content":{"rendered":"\t\t<div data-elementor-type=\"wp-page\" data-elementor-id=\"2574\" class=\"elementor elementor-2574 elementor-2567\" data-elementor-post-type=\"page\">\n\t\t\t\t<div class=\"elementor-element elementor-element-16a6b5a e-flex e-con-boxed e-con e-parent\" data-id=\"16a6b5a\" data-element_type=\"container\" data-e-type=\"container\">\n\t\t\t\t\t<div class=\"e-con-inner\">\n\t\t<div class=\"elementor-element elementor-element-62a866c ct-hero e-flex e-con-boxed e-con e-child\" data-id=\"62a866c\" data-element_type=\"container\" data-e-type=\"container\" data-settings=\"{&quot;background_background&quot;:&quot;classic&quot;}\">\n\t\t\t\t\t<div class=\"e-con-inner\">\n\t\t<div class=\"elementor-element elementor-element-d7a28b5 e-con-full e-flex e-con e-child\" data-id=\"d7a28b5\" data-element_type=\"container\" data-e-type=\"container\">\n\t\t\t\t<div class=\"elementor-element elementor-element-b988174 elementor-widget elementor-widget-heading\" data-id=\"b988174\" data-element_type=\"widget\" data-e-type=\"widget\" data-widget_type=\"heading.default\">\n\t\t\t\t<div class=\"elementor-widget-container\">\n\t\t\t\t\t<h2 class=\"elementor-heading-title elementor-size-default\">Toidukeemia, lisaained<\/h2>\t\t\t\t<\/div>\n\t\t\t\t<\/div>\n\t\t\t\t<\/div>\n\t\t\t\t\t<\/div>\n\t\t\t\t<\/div>\n\t\t\t\t\t<\/div>\n\t\t\t\t<\/div>\n\t\t<div class=\"elementor-element elementor-element-58c0b80 e-flex e-con-boxed e-con e-parent\" data-id=\"58c0b80\" data-element_type=\"container\" data-e-type=\"container\">\n\t\t\t\t\t<div class=\"e-con-inner\">\n\t\t<div class=\"elementor-element elementor-element-62f15b0 e-con-full e-flex e-con e-child\" data-id=\"62f15b0\" data-element_type=\"container\" data-e-type=\"container\" data-settings=\"{&quot;background_background&quot;:&quot;classic&quot;}\">\n\t\t<div class=\"elementor-element elementor-element-4227630 e-con-full e-flex e-con e-child\" data-id=\"4227630\" data-element_type=\"container\" data-e-type=\"container\">\n\t\t\t\t<div class=\"elementor-element elementor-element-7b30cae elementor-widget elementor-widget-text-editor\" data-id=\"7b30cae\" data-element_type=\"widget\" data-e-type=\"widget\" data-widget_type=\"text-editor.default\">\n\t\t\t\t<div class=\"elementor-widget-container\">\n\t\t\t\t\t\t\t\t\t<div class=\"et_pb_with_border et_pb_row et_pb_row_0\"><div class=\"et_pb_column et_pb_column_1_2 et_pb_column_0 et_pb_css_mix_blend_mode_passthrough\"><div class=\"et_pb_module et_pb_blurb et_pb_blurb_0 et_pb_text_align_left et_pb_blurb_position_top et_pb_bg_layout_light et_had_animation\"><div class=\"et_pb_blurb_content\"><div class=\"et_pb_blurb_container\"><h4 class=\"et_pb_module_header\">1. Kaaliumsorbaat E202<\/h4><div class=\"et_pb_blurb_description\"><ul><li>P\u00e4ritolumaa: Hiina<\/li><li>Pakend: 25 kg<\/li><\/ul><\/div><\/div><\/div><\/div><\/div><div class=\"et_pb_column et_pb_column_1_2 et_pb_column_1 et_pb_css_mix_blend_mode_passthrough et-last-child et_pb_column_empty\"> <\/div><\/div><div class=\"et_pb_with_border et_pb_row et_pb_row_1\"><div class=\"et_pb_column et_pb_column_1_2 et_pb_column_2 et_pb_css_mix_blend_mode_passthrough\"><div class=\"et_pb_module et_pb_blurb et_pb_blurb_1 et_pb_text_align_left et_pb_blurb_position_top et_pb_bg_layout_light et_had_animation\"><div class=\"et_pb_blurb_content\"><div class=\"et_pb_blurb_container\"><h4 class=\"et_pb_module_header\">2. Naatriumbensoaat E211<\/h4><div class=\"et_pb_blurb_description\"><ul><li>P\u00e4ritolumaa: Eesti<\/li><li>Pakend: 25 kg<\/li><\/ul><\/div><\/div><\/div><\/div><\/div><div class=\"et_pb_column et_pb_column_1_2 et_pb_column_3 et_pb_css_mix_blend_mode_passthrough et-last-child et_pb_column_empty\"> <\/div><\/div><div class=\"et_pb_with_border et_pb_row et_pb_row_2\"><div class=\"et_pb_column et_pb_column_1_2 et_pb_column_4 et_pb_css_mix_blend_mode_passthrough\"><div class=\"et_pb_module et_pb_blurb et_pb_blurb_2 et_pb_text_align_left et_pb_blurb_position_top et_pb_bg_layout_light et_had_animation\"><div class=\"et_pb_blurb_content\"><div class=\"et_pb_blurb_container\"><h4 class=\"et_pb_module_header\">3. Naatriumglutamat \u0415621<\/h4><div class=\"et_pb_blurb_description\"><ul><li>P\u00e4ritolumaa: Indoneesia<\/li><li>Pakend: 25 kg<\/li><\/ul><\/div><\/div><\/div><\/div><\/div><div class=\"et_pb_column et_pb_column_1_2 et_pb_column_5 et_pb_css_mix_blend_mode_passthrough et-last-child et_pb_column_empty\"> <\/div><\/div><div class=\"et_pb_with_border et_pb_row et_pb_row_3\"><div class=\"et_pb_column et_pb_column_1_2 et_pb_column_6 et_pb_css_mix_blend_mode_passthrough\"><div class=\"et_pb_module et_pb_blurb et_pb_blurb_3 et_pb_text_align_left et_pb_blurb_position_top et_pb_bg_layout_light et_had_animation\"><div class=\"et_pb_blurb_content\"><div class=\"et_pb_blurb_container\"><h4 class=\"et_pb_module_header\">4. Sidrunihape \u0415330<\/h4><div class=\"et_pb_blurb_description\"><ul><li>P\u00e4ritolumaa: Hiina<\/li><li>Pakend: 25 kg<\/li><\/ul><\/div><\/div><\/div><\/div><\/div><\/div>\t\t\t\t\t\t\t\t<\/div>\n\t\t\t\t<\/div>\n\t\t\t\t<\/div>\n\t\t<div class=\"elementor-element elementor-element-935fafe e-con-full e-flex e-con e-child\" data-id=\"935fafe\" data-element_type=\"container\" data-e-type=\"container\">\n\t\t\t\t<div class=\"elementor-element elementor-element-63266d0 elementor-widget elementor-widget-text-editor\" data-id=\"63266d0\" data-element_type=\"widget\" data-e-type=\"widget\" data-widget_type=\"text-editor.default\">\n\t\t\t\t<div class=\"elementor-widget-container\">\n\t\t\t\t\t\t\t\t\t<div class=\"et_pb_with_border et_pb_row et_pb_row_4\"><div class=\"et_pb_column et_pb_column_1_2 et_pb_column_8 et_pb_css_mix_blend_mode_passthrough\"><div class=\"et_pb_module et_pb_blurb et_pb_blurb_4 et_pb_text_align_left et_pb_blurb_position_top et_pb_bg_layout_light et_had_animation\"><div class=\"et_pb_blurb_content\"><div class=\"et_pb_blurb_container\"><h4 class=\"et_pb_module_header\">5. \u00c4\u00e4dikas, kanistris<\/h4><div class=\"et_pb_blurb_description\"><ul><li>P\u00e4ritolumaa: Eesti<\/li><li>Pakend:<\/li><\/ul><\/div><\/div><\/div><\/div><\/div><div class=\"et_pb_column et_pb_column_1_2 et_pb_column_9 et_pb_css_mix_blend_mode_passthrough et-last-child et_pb_column_empty\"> <\/div><\/div><div class=\"et_pb_with_border et_pb_row et_pb_row_5\"><div class=\"et_pb_column et_pb_column_1_2 et_pb_column_10 et_pb_css_mix_blend_mode_passthrough\"><div class=\"et_pb_module et_pb_blurb et_pb_blurb_5 et_pb_text_align_left et_pb_blurb_position_top et_pb_bg_layout_light et_had_animation\"><div class=\"et_pb_blurb_content\"><div class=\"et_pb_blurb_container\"><h4 class=\"et_pb_module_header\">6. Askorbiinhape<\/h4><div class=\"et_pb_blurb_description\"><ul><li>P\u00e4ritolumaa: Hiina<\/li><li>Pakend: 25 kg<\/li><\/ul><\/div><\/div><\/div><\/div><\/div><div class=\"et_pb_column et_pb_column_1_2 et_pb_column_11 et_pb_css_mix_blend_mode_passthrough et-last-child et_pb_column_empty\"> <\/div><\/div><div class=\"et_pb_with_border et_pb_row et_pb_row_6\"><div class=\"et_pb_column et_pb_column_1_2 et_pb_column_12 et_pb_css_mix_blend_mode_passthrough\"><div class=\"et_pb_module et_pb_blurb et_pb_blurb_6 et_pb_text_align_left et_pb_blurb_position_top et_pb_bg_layout_light et_had_animation\"><div class=\"et_pb_blurb_content\"><div class=\"et_pb_blurb_container\"><h4 class=\"et_pb_module_header\">7. Piima pulber kuni 1.5%<\/h4><div class=\"et_pb_blurb_description\"><ul><li>P\u00e4ritolumaa: Leedu <\/li><li>Pakend: 500g, 25 kg<\/li><\/ul><\/div><\/div><\/div><\/div><\/div><div class=\"et_pb_column et_pb_column_1_2 et_pb_column_13 et_pb_css_mix_blend_mode_passthrough et-last-child et_pb_column_empty\"> <\/div><\/div><div class=\"et_pb_with_border et_pb_row et_pb_row_7\"><div class=\"et_pb_column et_pb_column_1_2 et_pb_column_14 et_pb_css_mix_blend_mode_passthrough\"><div class=\"et_pb_module et_pb_blurb et_pb_blurb_7 et_pb_text_align_left et_pb_blurb_position_top et_pb_bg_layout_light et_had_animation\"><div class=\"et_pb_blurb_content\"><div class=\"et_pb_blurb_container\"><h4 class=\"et_pb_module_header\">8. S\u00f6\u00f6gisoda e500<\/h4><div class=\"et_pb_blurb_description\"><ul><li>P\u00e4ritolumaa: Saksamaa<\/li><li>Pakend: 25 kg<\/li><\/ul><\/div><\/div><\/div><\/div><\/div><\/div>\t\t\t\t\t\t\t\t<\/div>\n\t\t\t\t<\/div>\n\t\t\t\t<\/div>\n\t\t\t\t<\/div>\n\t\t\t\t\t<\/div>\n\t\t\t\t<\/div>\n\t\t<div class=\"elementor-element elementor-element-54af4f9 e-con-full e-flex e-con e-parent\" data-id=\"54af4f9\" data-element_type=\"container\" data-e-type=\"container\">\n\t\t<div class=\"elementor-element elementor-element-c91cb14 e-con-full e-flex e-con e-child\" data-id=\"c91cb14\" data-element_type=\"container\" data-e-type=\"container\" data-settings=\"{&quot;background_background&quot;:&quot;classic&quot;,&quot;background_motion_fx_motion_fx_scrolling&quot;:&quot;yes&quot;,&quot;background_motion_fx_translateY_effect&quot;:&quot;yes&quot;,&quot;background_motion_fx_translateY_speed&quot;:{&quot;unit&quot;:&quot;px&quot;,&quot;size&quot;:2.5,&quot;sizes&quot;:[]},&quot;background_motion_fx_translateY_affectedRange&quot;:{&quot;unit&quot;:&quot;%&quot;,&quot;size&quot;:&quot;&quot;,&quot;sizes&quot;:{&quot;start&quot;:0,&quot;end&quot;:100}},&quot;background_motion_fx_devices&quot;:[&quot;desktop&quot;,&quot;tablet&quot;,&quot;mobile&quot;]}\">\n\t\t\t\t<div class=\"elementor-element elementor-element-a82522a elementor-widget__width-initial elementor-widget elementor-widget-heading\" data-id=\"a82522a\" data-element_type=\"widget\" data-e-type=\"widget\" data-widget_type=\"heading.default\">\n\t\t\t\t<div class=\"elementor-widget-container\">\n\t\t\t\t\t<h3 class=\"elementor-heading-title elementor-size-default\">\u0417\u0430\u043f\u0440\u043e\u0441\u0438\u0442\u044c \u043a\u043e\u043c\u043c\u0435\u0440\u0447\u0435\u0441\u043a\u043e\u0435 \u043f\u0440\u0435\u0434\u043b\u043e\u0436\u0435\u043d\u0438\u0435<\/h3>\t\t\t\t<\/div>\n\t\t\t\t<\/div>\n\t\t<div class=\"elementor-element elementor-element-a09c5cb e-con-full e-flex e-con e-child\" data-id=\"a09c5cb\" data-element_type=\"container\" data-e-type=\"container\" data-settings=\"{&quot;background_background&quot;:&quot;classic&quot;}\">\n\t\t\t\t<div class=\"elementor-element elementor-element-1e4163b elementor-widget elementor-widget-heading\" data-id=\"1e4163b\" data-element_type=\"widget\" data-e-type=\"widget\" data-widget_type=\"heading.default\">\n\t\t\t\t<div class=\"elementor-widget-container\">\n\t\t\t\t\t<h2 class=\"elementor-heading-title elementor-size-default\">\u041d\u0430\u0448\u0430 \u0446\u0435\u043b\u044c \u2014 \u0431\u044b\u0441\u0442\u0440\u043e \u0438 \u043a\u0430\u0447\u0435\u0441\u0442\u0432\u0435\u043d\u043d\u043e \u0432\u044b\u043f\u043e\u043b\u043d\u0438\u0442\u044c \u043b\u044e\u0431\u044b\u0435 \u043f\u043e\u0436\u0435\u043b\u0430\u043d\u0438\u044f \u043a\u043b\u0438\u0435\u043d\u0442\u043e\u0432.<\/h2>\t\t\t\t<\/div>\n\t\t\t\t<\/div>\n\t\t\t\t<div class=\"elementor-element elementor-element-b9c41f4 elementor-widget elementor-widget-wpforms\" data-id=\"b9c41f4\" data-element_type=\"widget\" data-e-type=\"widget\" data-widget_type=\"wpforms.default\">\n\t\t\t\t<div class=\"elementor-widget-container\">\n\t\t\t\t\t<div class=\"wpforms-container wpforms-render-modern\" id=\"wpforms-2320\"><form id=\"wpforms-form-2320\" class=\"wpforms-validate wpforms-form wpforms-ajax-form\" data-formid=\"2320\" method=\"post\" enctype=\"multipart\/form-data\" action=\"\/ru\/wp-json\/wp\/v2\/pages\/2574\" data-token=\"af37457ed578f88d1494f953a0077eb4\" data-token-time=\"1776665964\"><noscript class=\"wpforms-error-noscript\">\u0414\u043b\u044f \u0437\u0430\u043f\u043e\u043b\u043d\u0435\u043d\u0438\u044f \u0434\u0430\u043d\u043d\u043e\u0439 \u0444\u043e\u0440\u043c\u044b \u0432\u043a\u043b\u044e\u0447\u0438\u0442\u0435 JavaScript \u0432 \u0431\u0440\u0430\u0443\u0437\u0435\u0440\u0435.<\/noscript><div class=\"wpforms-hidden\" id=\"wpforms-error-noscript\">\u0414\u043b\u044f \u0437\u0430\u043f\u043e\u043b\u043d\u0435\u043d\u0438\u044f \u0434\u0430\u043d\u043d\u043e\u0439 \u0444\u043e\u0440\u043c\u044b \u0432\u043a\u043b\u044e\u0447\u0438\u0442\u0435 JavaScript \u0432 \u0431\u0440\u0430\u0443\u0437\u0435\u0440\u0435.<\/div><div class=\"wpforms-field-container\"><div id=\"wpforms-2320-field_1-container\" class=\"wpforms-field wpforms-field-layout\" data-field-id=\"1\"><div class=\"wpforms-field-layout-rows wpforms-field-large\"><div class=\"wpforms-layout-row\"><div class=\"wpforms-layout-column wpforms-layout-column-50\"><div id=\"wpforms-2320-field_2-container\" class=\"wpforms-field wpforms-field-name\" data-field-id=\"2\"><label class=\"wpforms-field-label wpforms-label-hide\" for=\"wpforms-2320-field_2\" aria-hidden=\"false\">\u0418\u043c\u044f <span class=\"wpforms-required-label\" aria-hidden=\"true\">*<\/span><\/label><input type=\"text\" id=\"wpforms-2320-field_2\" class=\"wpforms-field-medium wpforms-field-required\" name=\"wpforms[fields][2]\" placeholder=\"\u0418\u043c\u044f\" aria-errormessage=\"wpforms-2320-field_2-error\" required><\/div><\/div><div class=\"wpforms-layout-column wpforms-layout-column-50\"><div id=\"wpforms-2320-field_3-container\" class=\"wpforms-field wpforms-field-text\" data-field-id=\"3\"><label class=\"wpforms-field-label wpforms-label-hide\" for=\"wpforms-2320-field_3\" aria-hidden=\"false\">\u041d\u0430\u0437\u0432\u0430\u043d\u0438\u0435 \u043a\u043e\u043c\u043f\u0430\u043d\u0438\u0438<\/label><input type=\"text\" id=\"wpforms-2320-field_3\" class=\"wpforms-field-medium\" name=\"wpforms[fields][3]\" placeholder=\"\u041d\u0430\u0437\u0432\u0430\u043d\u0438\u0435 \u043a\u043e\u043c\u043f\u0430\u043d\u0438\u0438\" aria-errormessage=\"wpforms-2320-field_3-error\" ><\/div><\/div><\/div><div class=\"wpforms-layout-row\"><div class=\"wpforms-layout-column wpforms-layout-column-50\"><div id=\"wpforms-2320-field_4-container\" class=\"wpforms-field wpforms-field-phone\" data-field-id=\"4\"><label class=\"wpforms-field-label wpforms-label-hide\" for=\"wpforms-2320-field_4\" aria-hidden=\"false\">\u041d\u043e\u043c\u0435\u0440 \u0442\u0435\u043b\u0435\u0444\u043e\u043d\u0430 <span class=\"wpforms-required-label\" aria-hidden=\"true\">*<\/span><\/label><input type=\"tel\" id=\"wpforms-2320-field_4\" class=\"wpforms-field-medium wpforms-field-required\" data-rule-int-phone-field=\"true\" name=\"wpforms[fields][4]\" placeholder=\"\u041d\u043e\u043c\u0435\u0440 \u0442\u0435\u043b\u0435\u0444\u043e\u043d\u0430\" aria-label=\"\u041d\u043e\u043c\u0435\u0440 \u0442\u0435\u043b\u0435\u0444\u043e\u043d\u0430\" aria-errormessage=\"wpforms-2320-field_4-error\" required><\/div><\/div><div class=\"wpforms-layout-column wpforms-layout-column-50\"><div id=\"wpforms-2320-field_5-container\" class=\"wpforms-field wpforms-field-email\" data-field-id=\"5\"><label class=\"wpforms-field-label wpforms-label-hide\" for=\"wpforms-2320-field_5\" aria-hidden=\"false\">\u042d\u043b\u0435\u043a\u0442\u0440\u043e\u043d\u043d\u0430\u044f \u043f\u043e\u0447\u0442\u0430 <span class=\"wpforms-required-label\" aria-hidden=\"true\">*<\/span><\/label><input type=\"email\" id=\"wpforms-2320-field_5\" class=\"wpforms-field-medium wpforms-field-required\" name=\"wpforms[fields][5]\" placeholder=\"\u042d\u043b\u0435\u043a\u0442\u0440\u043e\u043d\u043d\u0430\u044f \u043f\u043e\u0447\u0442\u0430\" spellcheck=\"false\" aria-errormessage=\"wpforms-2320-field_5-error\" required><\/div><\/div><\/div><\/div><\/div><div id=\"wpforms-2320-field_6-container\" class=\"wpforms-field wpforms-field-textarea\" data-field-id=\"6\"><label class=\"wpforms-field-label wpforms-label-hide\" for=\"wpforms-2320-field_6\" aria-hidden=\"false\">\u0421\u043e\u043e\u0431\u0449\u0435\u043d\u0438\u0435<\/label><textarea id=\"wpforms-2320-field_6\" class=\"wpforms-field-medium\" name=\"wpforms[fields][6]\" placeholder=\"\u0421\u043e\u043e\u0431\u0449\u0435\u043d\u0438\u0435\" aria-errormessage=\"wpforms-2320-field_6-error\" ><\/textarea><\/div><div id=\"wpforms-2320-field_7-container\" class=\"wpforms-field wpforms-field-checkbox\" data-field-id=\"7\"><fieldset><legend class=\"wpforms-field-label\">\u0421\u043e\u0433\u043b\u0430\u0441\u0438\u0435 <span class=\"wpforms-required-label\" aria-hidden=\"true\">*<\/span><\/legend><ul id=\"wpforms-2320-field_7\" class=\"wpforms-field-required\"><li class=\"choice-1 depth-1\"><input type=\"checkbox\" id=\"wpforms-2320-field_7_1\" name=\"wpforms[fields][7][]\" value=\"\u042f \u0441\u043e\u0433\u043b\u0430\u0441\u0435\u043d, \u0447\u0442\u043e O\u00dc Valordanto \u043e\u0431\u0440\u0430\u0431\u0430\u0442\u044b\u0432\u0430\u0435\u0442 \u0434\u0430\u043d\u043d\u044b\u0435, \u043f\u0440\u0435\u0434\u0441\u0442\u0430\u0432\u043b\u0435\u043d\u043d\u044b\u0435 \u0432 \u044d\u0442\u043e\u0439 \u0444\u043e\u0440\u043c\u0435, \u0434\u043b\u044f \u0441\u0432\u044f\u0437\u0438 \u0441\u043e \u043c\u043d\u043e\u0439 \u0438 \u0440\u0435\u0433\u0438\u0441\u0442\u0440\u0430\u0446\u0438\u0438 \u043c\u043e\u0435\u0433\u043e \u0441\u043e\u043e\u0431\u0449\u0435\u043d\u0438\u044f\" aria-errormessage=\"wpforms-2320-field_7_1-error\" required ><label class=\"wpforms-field-label-inline\" for=\"wpforms-2320-field_7_1\">\u042f \u0441\u043e\u0433\u043b\u0430\u0441\u0435\u043d, \u0447\u0442\u043e O\u00dc Valordanto \u043e\u0431\u0440\u0430\u0431\u0430\u0442\u044b\u0432\u0430\u0435\u0442 \u0434\u0430\u043d\u043d\u044b\u0435, \u043f\u0440\u0435\u0434\u0441\u0442\u0430\u0432\u043b\u0435\u043d\u043d\u044b\u0435 \u0432 \u044d\u0442\u043e\u0439 \u0444\u043e\u0440\u043c\u0435, \u0434\u043b\u044f \u0441\u0432\u044f\u0437\u0438 \u0441\u043e \u043c\u043d\u043e\u0439 \u0438 \u0440\u0435\u0433\u0438\u0441\u0442\u0440\u0430\u0446\u0438\u0438 \u043c\u043e\u0435\u0433\u043e \u0441\u043e\u043e\u0431\u0449\u0435\u043d\u0438\u044f<\/label><\/li><\/ul><\/fieldset><\/div><\/div><!-- .wpforms-field-container --><div class=\"wpforms-submit-container\" ><input type=\"hidden\" name=\"wpforms[id]\" value=\"2320\"><input type=\"hidden\" name=\"page_title\" value=\"\"><input type=\"hidden\" name=\"page_url\" value=\"https:\/\/valordanto.ee\/ru\/wp-json\/wp\/v2\/pages\/2574\"><button type=\"submit\" name=\"wpforms[submit]\" id=\"wpforms-submit-2320\" class=\"wpforms-submit\" data-alt-text=\"\u041e\u0442\u043f\u0440\u0430\u0432\u043a\u0430...\" data-submit-text=\"\u041e\u0442\u043f\u0440\u0430\u0432\u0438\u0442\u044c\" aria-live=\"assertive\" value=\"wpforms-submit\">\u041e\u0442\u043f\u0440\u0430\u0432\u0438\u0442\u044c<\/button><img decoding=\"async\" src=\"https:\/\/valordanto.ee\/wp-content\/plugins\/wpforms\/assets\/images\/submit-spin.svg\" class=\"wpforms-submit-spinner\" style=\"display: none;\" width=\"26\" height=\"26\" alt=\"\u0417\u0430\u0433\u0440\u0443\u0437\u043a\u0430\"><\/div><\/form><\/div>  <!-- .wpforms-container -->\t\t\t\t<\/div>\n\t\t\t\t<\/div>\n\t\t\t\t<\/div>\n\t\t\t\t<\/div>\n\t\t\t\t<\/div>\n\t\t\t\t<\/div>\n\t\t","protected":false},"excerpt":{"rendered":"<p>Toidukeemia, lisaained 1. Kaaliumsorbaat E202 P\u00e4ritolumaa: Hiina Pakend: 25 kg 2. Naatriumbensoaat E211 P\u00e4ritolumaa: Eesti Pakend: 25 kg 3. Naatriumglutamat \u0415621 P\u00e4ritolumaa: Indoneesia Pakend: 25 kg 4. Sidrunihape \u0415330 P\u00e4ritolumaa: Hiina Pakend: 25 kg 5. \u00c4\u00e4dikas, kanistris P\u00e4ritolumaa: Eesti Pakend: 6. Askorbiinhape P\u00e4ritolumaa: Hiina Pakend: 25 kg 7. Piima pulber kuni 1.5% P\u00e4ritolumaa: Leedu Pakend: [&hellip;]<\/p>\n","protected":false},"author":1,"featured_media":0,"parent":0,"menu_order":0,"comment_status":"closed","ping_status":"closed","template":"","meta":{"footnotes":""},"class_list":["post-2574","page","type-page","status-publish","hentry"],"blocksy_meta":{"has_hero_section":"disabled","vertical_spacing_source":"custom","content_area_spacing":"none","styles_descriptor":{"styles":{"desktop":"","tablet":"","mobile":""},"google_fonts":[],"version":6}},"_links":{"self":[{"href":"https:\/\/valordanto.ee\/ru\/wp-json\/wp\/v2\/pages\/2574","targetHints":{"allow":["GET"]}}],"collection":[{"href":"https:\/\/valordanto.ee\/ru\/wp-json\/wp\/v2\/pages"}],"about":[{"href":"https:\/\/valordanto.ee\/ru\/wp-json\/wp\/v2\/types\/page"}],"author":[{"embeddable":true,"href":"https:\/\/valordanto.ee\/ru\/wp-json\/wp\/v2\/users\/1"}],"replies":[{"embeddable":true,"href":"https:\/\/valordanto.ee\/ru\/wp-json\/wp\/v2\/comments?post=2574"}],"version-history":[{"count":2,"href":"https:\/\/valordanto.ee\/ru\/wp-json\/wp\/v2\/pages\/2574\/revisions"}],"predecessor-version":[{"id":8231,"href":"https:\/\/valordanto.ee\/ru\/wp-json\/wp\/v2\/pages\/2574\/revisions\/8231"}],"wp:attachment":[{"href":"https:\/\/valordanto.ee\/ru\/wp-json\/wp\/v2\/media?parent=2574"}],"curies":[{"name":"wp","href":"https:\/\/api.w.org\/{rel}","templated":true}]}}